{"id":705,"date":"2013-07-01T21:28:34","date_gmt":"2013-07-01T20:28:34","guid":{"rendered":"http:\/\/grandecharmeuse.nl\/?page_id=705"},"modified":"2013-10-31T23:16:49","modified_gmt":"2013-10-31T22:16:49","slug":"fete-de-la-chasse-carrouges-2010","status":"publish","type":"page","link":"https:\/\/grandecharmeuse.nl\/?page_id=705","title":{"rendered":"F\u00eate de la chasse Carrouges, 2012"},"content":{"rendered":"<p>In de vroege ochtend van 4 augustus is de Bassetten vriendengroep vertrokken naar F\u00eate de la chasse et de la p\u00eache, Carrouges in Frankrijk. Tijdens ons verblijf in Frankrijk hebben wij De F\u00eate de la chasse in Carrouges bezocht. Naast de nodige regenbuien (hoosbuien) kwam zo af en toe de zon.<\/p>\n<p>Ondanks alles was het weer een gezellig weekendje..<\/p>\n<p>&nbsp;<\/p>\n<div data-carousel-extra='{\"blog_id\":1,\"permalink\":\"https:\\\/\\\/grandecharmeuse.nl\\\/?page_id=705\"}' id='gallery-1' class='gallery galleryid-705 gallery-columns-4 gallery-size-thumbnail'><figure class='gallery-item'>\n\t\t\t<div class='gallery-icon landscape'>\n\t\t\t\t<a href='https:\/\/grandecharmeuse.nl\/wp-content\/uploads\/2013\/07\/Carrouges13.jpg'><img loading=\"lazy\" decoding=\"async\" data-attachment-id=\"713\" data-orig-file=\"https:\/\/grandecharmeuse.nl\/wp-content\/uploads\/2013\/07\/Carrouges13.jpg\" data-orig-size=\"4221,2562\" data-comments-opened=\"0\" data-image-meta=\"{&quot;aperture&quot;:&quot;0&quot;,&quot;credit&quot;:&quot;&quot;,&quot;camera&quot;:&quot;&quot;,&quot;caption&quot;:&quot;&quot;,&quot;created_timestamp&quot;:&quot;0&quot;,&quot;copyright&quot;:&quot;&quot;,&quot;focal_length&quot;:&quot;0&quot;,&quot;iso&quot;:&quot;0&quot;,&quot;shutter_speed&quot;:&quot;0&quot;,&quot;title&quot;:&quot;&quot;}\" data-image-title=\"Carrouges13\" data-image-description=\"\" data-medium-file=\"https:\/\/grandecharmeuse.nl\/wp-content\/uploads\/2013\/07\/Carrouges13-300x182.jpg\" data-large-file=\"https:\/\/grandecharmeuse.nl\/wp-content\/uploads\/2013\/07\/Carrouges13-1024x621.jpg\" title=\"Carrouges13\" width=\"150\" height=\"150\" src=\"https:\/\/grandecharmeuse.nl\/wp-content\/uploads\/2013\/07\/Carrouges13-150x150.jpg\" class=\"attachment-thumbnail size-thumbnail\" alt=\"\" \/><\/a>\n\t\t\t<\/div><\/figure><figure class='gallery-item'>\n\t\t\t<div class='gallery-icon portrait'>\n\t\t\t\t<a href='https:\/\/grandecharmeuse.nl\/wp-content\/uploads\/2013\/07\/Carrouges15.jpg'><img loading=\"lazy\" decoding=\"async\" data-attachment-id=\"714\" data-orig-file=\"https:\/\/grandecharmeuse.nl\/wp-content\/uploads\/2013\/07\/Carrouges15.jpg\" data-orig-size=\"2130,3526\" data-comments-opened=\"0\" data-image-meta=\"{&quot;aperture&quot;:&quot;0&quot;,&quot;credit&quot;:&quot;&quot;,&quot;camera&quot;:&quot;&quot;,&quot;caption&quot;:&quot;&quot;,&quot;created_timestamp&quot;:&quot;0&quot;,&quot;copyright&quot;:&quot;&quot;,&quot;focal_length&quot;:&quot;0&quot;,&quot;iso&quot;:&quot;0&quot;,&quot;shutter_speed&quot;:&quot;0&quot;,&quot;title&quot;:&quot;&quot;}\" data-image-title=\"Carrouges15\" data-image-description=\"\" data-medium-file=\"https:\/\/grandecharmeuse.nl\/wp-content\/uploads\/2013\/07\/Carrouges15-181x300.jpg\" data-large-file=\"https:\/\/grandecharmeuse.nl\/wp-content\/uploads\/2013\/07\/Carrouges15-618x1024.jpg\" title=\"Carrouges15\" width=\"150\" height=\"150\" src=\"https:\/\/grandecharmeuse.nl\/wp-content\/uploads\/2013\/07\/Carrouges15-150x150.jpg\" class=\"attachment-thumbnail size-thumbnail\" alt=\"\" \/><\/a>\n\t\t\t<\/div><\/figure><figure class='gallery-item'>\n\t\t\t<div class='gallery-icon portrait'>\n\t\t\t\t<a href='https:\/\/grandecharmeuse.nl\/wp-content\/uploads\/2013\/07\/Carrouges01.jpg'><img loading=\"lazy\" decoding=\"async\" data-attachment-id=\"706\" data-orig-file=\"https:\/\/grandecharmeuse.nl\/wp-content\/uploads\/2013\/07\/Carrouges01.jpg\" data-orig-size=\"2538,3208\" data-comments-opened=\"0\" data-image-meta=\"{&quot;aperture&quot;:&quot;0&quot;,&quot;credit&quot;:&quot;&quot;,&quot;camera&quot;:&quot;&quot;,&quot;caption&quot;:&quot;&quot;,&quot;created_timestamp&quot;:&quot;0&quot;,&quot;copyright&quot;:&quot;&quot;,&quot;focal_length&quot;:&quot;0&quot;,&quot;iso&quot;:&quot;0&quot;,&quot;shutter_speed&quot;:&quot;0&quot;,&quot;title&quot;:&quot;&quot;}\" data-image-title=\"Carrouges01\" data-image-description=\"\" data-medium-file=\"https:\/\/grandecharmeuse.nl\/wp-content\/uploads\/2013\/07\/Carrouges01-237x300.jpg\" data-large-file=\"https:\/\/grandecharmeuse.nl\/wp-content\/uploads\/2013\/07\/Carrouges01-810x1024.jpg\" title=\"Carrouges01\" width=\"150\" height=\"150\" src=\"https:\/\/grandecharmeuse.nl\/wp-content\/uploads\/2013\/07\/Carrouges01-150x150.jpg\" class=\"attachment-thumbnail size-thumbnail\" alt=\"\" \/><\/a>\n\t\t\t<\/div><\/figure><figure class='gallery-item'>\n\t\t\t<div class='gallery-icon landscape'>\n\t\t\t\t<a href='https:\/\/grandecharmeuse.nl\/wp-content\/uploads\/2013\/07\/Carrouges03.jpg'><img loading=\"lazy\" decoding=\"async\" data-attachment-id=\"707\" data-orig-file=\"https:\/\/grandecharmeuse.nl\/wp-content\/uploads\/2013\/07\/Carrouges03.jpg\" data-orig-size=\"3310,1944\" data-comments-opened=\"0\" data-image-meta=\"{&quot;aperture&quot;:&quot;0&quot;,&quot;credit&quot;:&quot;&quot;,&quot;camera&quot;:&quot;&quot;,&quot;caption&quot;:&quot;&quot;,&quot;created_timestamp&quot;:&quot;0&quot;,&quot;copyright&quot;:&quot;&quot;,&quot;focal_length&quot;:&quot;0&quot;,&quot;iso&quot;:&quot;0&quot;,&quot;shutter_speed&quot;:&quot;0&quot;,&quot;title&quot;:&quot;&quot;}\" data-image-title=\"Carrouges03\" data-image-description=\"\" data-medium-file=\"https:\/\/grandecharmeuse.nl\/wp-content\/uploads\/2013\/07\/Carrouges03-300x176.jpg\" data-large-file=\"https:\/\/grandecharmeuse.nl\/wp-content\/uploads\/2013\/07\/Carrouges03-1024x601.jpg\" title=\"Carrouges03\" width=\"150\" height=\"150\" src=\"https:\/\/grandecharmeuse.nl\/wp-content\/uploads\/2013\/07\/Carrouges03-150x150.jpg\" class=\"attachment-thumbnail size-thumbnail\" alt=\"\" \/><\/a>\n\t\t\t<\/div><\/figure><figure class='gallery-item'>\n\t\t\t<div class='gallery-icon landscape'>\n\t\t\t\t<a href='https:\/\/grandecharmeuse.nl\/wp-content\/uploads\/2013\/07\/Carrouges05.jpg'><img loading=\"lazy\" decoding=\"async\" data-attachment-id=\"708\" data-orig-file=\"https:\/\/grandecharmeuse.nl\/wp-content\/uploads\/2013\/07\/Carrouges05.jpg\" data-orig-size=\"2968,1710\" data-comments-opened=\"0\" data-image-meta=\"{&quot;aperture&quot;:&quot;0&quot;,&quot;credit&quot;:&quot;&quot;,&quot;camera&quot;:&quot;&quot;,&quot;caption&quot;:&quot;&quot;,&quot;created_timestamp&quot;:&quot;0&quot;,&quot;copyright&quot;:&quot;&quot;,&quot;focal_length&quot;:&quot;0&quot;,&quot;iso&quot;:&quot;0&quot;,&quot;shutter_speed&quot;:&quot;0&quot;,&quot;title&quot;:&quot;&quot;}\" data-image-title=\"Carrouges05\" data-image-description=\"\" data-medium-file=\"https:\/\/grandecharmeuse.nl\/wp-content\/uploads\/2013\/07\/Carrouges05-300x172.jpg\" data-large-file=\"https:\/\/grandecharmeuse.nl\/wp-content\/uploads\/2013\/07\/Carrouges05-1024x589.jpg\" title=\"Carrouges05\" width=\"150\" height=\"150\" src=\"https:\/\/grandecharmeuse.nl\/wp-content\/uploads\/2013\/07\/Carrouges05-150x150.jpg\" class=\"attachment-thumbnail size-thumbnail\" alt=\"\" \/><\/a>\n\t\t\t<\/div><\/figure><figure class='gallery-item'>\n\t\t\t<div class='gallery-icon landscape'>\n\t\t\t\t<a href='https:\/\/grandecharmeuse.nl\/wp-content\/uploads\/2013\/07\/Carrouges06.jpg'><img loading=\"lazy\" decoding=\"async\" data-attachment-id=\"709\" data-orig-file=\"https:\/\/grandecharmeuse.nl\/wp-content\/uploads\/2013\/07\/Carrouges06.jpg\" data-orig-size=\"3466,1860\" data-comments-opened=\"0\" data-image-meta=\"{&quot;aperture&quot;:&quot;0&quot;,&quot;credit&quot;:&quot;&quot;,&quot;camera&quot;:&quot;&quot;,&quot;caption&quot;:&quot;&quot;,&quot;created_timestamp&quot;:&quot;0&quot;,&quot;copyright&quot;:&quot;&quot;,&quot;focal_length&quot;:&quot;0&quot;,&quot;iso&quot;:&quot;0&quot;,&quot;shutter_speed&quot;:&quot;0&quot;,&quot;title&quot;:&quot;&quot;}\" data-image-title=\"Carrouges06\" data-image-description=\"\" data-medium-file=\"https:\/\/grandecharmeuse.nl\/wp-content\/uploads\/2013\/07\/Carrouges06-300x160.jpg\" data-large-file=\"https:\/\/grandecharmeuse.nl\/wp-content\/uploads\/2013\/07\/Carrouges06-1024x549.jpg\" title=\"Carrouges06\" width=\"150\" height=\"150\" src=\"https:\/\/grandecharmeuse.nl\/wp-content\/uploads\/2013\/07\/Carrouges06-150x150.jpg\" class=\"attachment-thumbnail size-thumbnail\" alt=\"\" \/><\/a>\n\t\t\t<\/div><\/figure><figure class='gallery-item'>\n\t\t\t<div class='gallery-icon landscape'>\n\t\t\t\t<a href='https:\/\/grandecharmeuse.nl\/wp-content\/uploads\/2013\/07\/Carrouges07.jpg'><img loading=\"lazy\" decoding=\"async\" data-attachment-id=\"710\" data-orig-file=\"https:\/\/grandecharmeuse.nl\/wp-content\/uploads\/2013\/07\/Carrouges07.jpg\" data-orig-size=\"2932,2220\" data-comments-opened=\"0\" data-image-meta=\"{&quot;aperture&quot;:&quot;0&quot;,&quot;credit&quot;:&quot;&quot;,&quot;camera&quot;:&quot;&quot;,&quot;caption&quot;:&quot;&quot;,&quot;created_timestamp&quot;:&quot;0&quot;,&quot;copyright&quot;:&quot;&quot;,&quot;focal_length&quot;:&quot;0&quot;,&quot;iso&quot;:&quot;0&quot;,&quot;shutter_speed&quot;:&quot;0&quot;,&quot;title&quot;:&quot;&quot;}\" data-image-title=\"Carrouges07\" data-image-description=\"\" data-medium-file=\"https:\/\/grandecharmeuse.nl\/wp-content\/uploads\/2013\/07\/Carrouges07-300x227.jpg\" data-large-file=\"https:\/\/grandecharmeuse.nl\/wp-content\/uploads\/2013\/07\/Carrouges07-1024x775.jpg\" title=\"Carrouges07\" width=\"150\" height=\"150\" src=\"https:\/\/grandecharmeuse.nl\/wp-content\/uploads\/2013\/07\/Carrouges07-150x150.jpg\" class=\"attachment-thumbnail size-thumbnail\" alt=\"\" \/><\/a>\n\t\t\t<\/div><\/figure><figure class='gallery-item'>\n\t\t\t<div class='gallery-icon portrait'>\n\t\t\t\t<a href='https:\/\/grandecharmeuse.nl\/wp-content\/uploads\/2013\/07\/Carrouges09.jpg'><img loading=\"lazy\" decoding=\"async\" data-attachment-id=\"711\" data-orig-file=\"https:\/\/grandecharmeuse.nl\/wp-content\/uploads\/2013\/07\/Carrouges09.jpg\" data-orig-size=\"1991,2826\" data-comments-opened=\"0\" data-image-meta=\"{&quot;aperture&quot;:&quot;0&quot;,&quot;credit&quot;:&quot;&quot;,&quot;camera&quot;:&quot;&quot;,&quot;caption&quot;:&quot;&quot;,&quot;created_timestamp&quot;:&quot;0&quot;,&quot;copyright&quot;:&quot;&quot;,&quot;focal_length&quot;:&quot;0&quot;,&quot;iso&quot;:&quot;0&quot;,&quot;shutter_speed&quot;:&quot;0&quot;,&quot;title&quot;:&quot;&quot;}\" data-image-title=\"Carrouges09\" data-image-description=\"\" data-medium-file=\"https:\/\/grandecharmeuse.nl\/wp-content\/uploads\/2013\/07\/Carrouges09-211x300.jpg\" data-large-file=\"https:\/\/grandecharmeuse.nl\/wp-content\/uploads\/2013\/07\/Carrouges09-721x1024.jpg\" title=\"Carrouges09\" width=\"150\" height=\"150\" src=\"https:\/\/grandecharmeuse.nl\/wp-content\/uploads\/2013\/07\/Carrouges09-150x150.jpg\" class=\"attachment-thumbnail size-thumbnail\" alt=\"\" \/><\/a>\n\t\t\t<\/div><\/figure><figure class='gallery-item'>\n\t\t\t<div class='gallery-icon landscape'>\n\t\t\t\t<a href='https:\/\/grandecharmeuse.nl\/wp-content\/uploads\/2013\/07\/Carrouges11.jpg'><img loading=\"lazy\" decoding=\"async\" data-attachment-id=\"712\" data-orig-file=\"https:\/\/grandecharmeuse.nl\/wp-content\/uploads\/2013\/07\/Carrouges11.jpg\" data-orig-size=\"3208,2100\" data-comments-opened=\"0\" data-image-meta=\"{&quot;aperture&quot;:&quot;0&quot;,&quot;credit&quot;:&quot;&quot;,&quot;camera&quot;:&quot;&quot;,&quot;caption&quot;:&quot;&quot;,&quot;created_timestamp&quot;:&quot;0&quot;,&quot;copyright&quot;:&quot;&quot;,&quot;focal_length&quot;:&quot;0&quot;,&quot;iso&quot;:&quot;0&quot;,&quot;shutter_speed&quot;:&quot;0&quot;,&quot;title&quot;:&quot;&quot;}\" data-image-title=\"Carrouges11\" data-image-description=\"\" data-medium-file=\"https:\/\/grandecharmeuse.nl\/wp-content\/uploads\/2013\/07\/Carrouges11-300x196.jpg\" data-large-file=\"https:\/\/grandecharmeuse.nl\/wp-content\/uploads\/2013\/07\/Carrouges11-1024x670.jpg\" title=\"Carrouges11\" width=\"150\" height=\"150\" src=\"https:\/\/grandecharmeuse.nl\/wp-content\/uploads\/2013\/07\/Carrouges11-150x150.jpg\" class=\"attachment-thumbnail size-thumbnail\" alt=\"\" \/><\/a>\n\t\t\t<\/div><\/figure><figure class='gallery-item'>\n\t\t\t<div class='gallery-icon landscape'>\n\t\t\t\t<a href='https:\/\/grandecharmeuse.nl\/wp-content\/uploads\/2013\/07\/Carrouges23.jpg'><img loading=\"lazy\" decoding=\"async\" data-attachment-id=\"715\" data-orig-file=\"https:\/\/grandecharmeuse.nl\/wp-content\/uploads\/2013\/07\/Carrouges23.jpg\" data-orig-size=\"4233,2808\" data-comments-opened=\"0\" data-image-meta=\"{&quot;aperture&quot;:&quot;0&quot;,&quot;credit&quot;:&quot;&quot;,&quot;camera&quot;:&quot;&quot;,&quot;caption&quot;:&quot;&quot;,&quot;created_timestamp&quot;:&quot;0&quot;,&quot;copyright&quot;:&quot;&quot;,&quot;focal_length&quot;:&quot;0&quot;,&quot;iso&quot;:&quot;0&quot;,&quot;shutter_speed&quot;:&quot;0&quot;,&quot;title&quot;:&quot;&quot;}\" data-image-title=\"Carrouges23\" data-image-description=\"\" data-medium-file=\"https:\/\/grandecharmeuse.nl\/wp-content\/uploads\/2013\/07\/Carrouges23-300x199.jpg\" data-large-file=\"https:\/\/grandecharmeuse.nl\/wp-content\/uploads\/2013\/07\/Carrouges23-1024x679.jpg\" title=\"Carrouges23\" width=\"150\" height=\"150\" src=\"https:\/\/grandecharmeuse.nl\/wp-content\/uploads\/2013\/07\/Carrouges23-150x150.jpg\" class=\"attachment-thumbnail size-thumbnail\" alt=\"\" \/><\/a>\n\t\t\t<\/div><\/figure><figure class='gallery-item'>\n\t\t\t<div class='gallery-icon portrait'>\n\t\t\t\t<a href='https:\/\/grandecharmeuse.nl\/wp-content\/uploads\/2013\/07\/Carrouges26.jpg'><img loading=\"lazy\" decoding=\"async\" data-attachment-id=\"716\" data-orig-file=\"https:\/\/grandecharmeuse.nl\/wp-content\/uploads\/2013\/07\/Carrouges26.jpg\" data-orig-size=\"2832,3544\" data-comments-opened=\"0\" data-image-meta=\"{&quot;aperture&quot;:&quot;0&quot;,&quot;credit&quot;:&quot;&quot;,&quot;camera&quot;:&quot;&quot;,&quot;caption&quot;:&quot;&quot;,&quot;created_timestamp&quot;:&quot;0&quot;,&quot;copyright&quot;:&quot;&quot;,&quot;focal_length&quot;:&quot;0&quot;,&quot;iso&quot;:&quot;0&quot;,&quot;shutter_speed&quot;:&quot;0&quot;,&quot;title&quot;:&quot;&quot;}\" data-image-title=\"Carrouges26\" data-image-description=\"\" data-medium-file=\"https:\/\/grandecharmeuse.nl\/wp-content\/uploads\/2013\/07\/Carrouges26-239x300.jpg\" data-large-file=\"https:\/\/grandecharmeuse.nl\/wp-content\/uploads\/2013\/07\/Carrouges26-818x1024.jpg\" title=\"Carrouges26\" width=\"150\" height=\"150\" src=\"https:\/\/grandecharmeuse.nl\/wp-content\/uploads\/2013\/07\/Carrouges26-150x150.jpg\" class=\"attachment-thumbnail size-thumbnail\" alt=\"\" \/><\/a>\n\t\t\t<\/div><\/figure><figure class='gallery-item'>\n\t\t\t<div class='gallery-icon landscape'>\n\t\t\t\t<a href='https:\/\/grandecharmeuse.nl\/wp-content\/uploads\/2013\/07\/Carrouges32.jpg'><img loading=\"lazy\" decoding=\"async\" data-attachment-id=\"717\" data-orig-file=\"https:\/\/grandecharmeuse.nl\/wp-content\/uploads\/2013\/07\/Carrouges32.jpg\" data-orig-size=\"4137,2064\" data-comments-opened=\"0\" data-image-meta=\"{&quot;aperture&quot;:&quot;0&quot;,&quot;credit&quot;:&quot;&quot;,&quot;camera&quot;:&quot;&quot;,&quot;caption&quot;:&quot;&quot;,&quot;created_timestamp&quot;:&quot;0&quot;,&quot;copyright&quot;:&quot;&quot;,&quot;focal_length&quot;:&quot;0&quot;,&quot;iso&quot;:&quot;0&quot;,&quot;shutter_speed&quot;:&quot;0&quot;,&quot;title&quot;:&quot;&quot;}\" data-image-title=\"Carrouges32\" data-image-description=\"\" data-medium-file=\"https:\/\/grandecharmeuse.nl\/wp-content\/uploads\/2013\/07\/Carrouges32-300x149.jpg\" data-large-file=\"https:\/\/grandecharmeuse.nl\/wp-content\/uploads\/2013\/07\/Carrouges32-1024x510.jpg\" title=\"Carrouges32\" width=\"150\" height=\"150\" src=\"https:\/\/grandecharmeuse.nl\/wp-content\/uploads\/2013\/07\/Carrouges32-150x150.jpg\" class=\"attachment-thumbnail size-thumbnail\" alt=\"\" \/><\/a>\n\t\t\t<\/div><\/figure><figure class='gallery-item'>\n\t\t\t<div class='gallery-icon landscape'>\n\t\t\t\t<a href='https:\/\/grandecharmeuse.nl\/wp-content\/uploads\/2013\/07\/Carrouges33.jpg'><img loading=\"lazy\" decoding=\"async\" data-attachment-id=\"718\" data-orig-file=\"https:\/\/grandecharmeuse.nl\/wp-content\/uploads\/2013\/07\/Carrouges33.jpg\" data-orig-size=\"4018,2520\" data-comments-opened=\"0\" data-image-meta=\"{&quot;aperture&quot;:&quot;0&quot;,&quot;credit&quot;:&quot;&quot;,&quot;camera&quot;:&quot;&quot;,&quot;caption&quot;:&quot;&quot;,&quot;created_timestamp&quot;:&quot;0&quot;,&quot;copyright&quot;:&quot;&quot;,&quot;focal_length&quot;:&quot;0&quot;,&quot;iso&quot;:&quot;0&quot;,&quot;shutter_speed&quot;:&quot;0&quot;,&quot;title&quot;:&quot;&quot;}\" data-image-title=\"Carrouges33\" data-image-description=\"\" data-medium-file=\"https:\/\/grandecharmeuse.nl\/wp-content\/uploads\/2013\/07\/Carrouges33-300x188.jpg\" data-large-file=\"https:\/\/grandecharmeuse.nl\/wp-content\/uploads\/2013\/07\/Carrouges33-1024x642.jpg\" title=\"Carrouges33\" width=\"150\" height=\"150\" src=\"https:\/\/grandecharmeuse.nl\/wp-content\/uploads\/2013\/07\/Carrouges33-150x150.jpg\" class=\"attachment-thumbnail size-thumbnail\" alt=\"\" \/><\/a>\n\t\t\t<\/div><\/figure><figure class='gallery-item'>\n\t\t\t<div class='gallery-icon landscape'>\n\t\t\t\t<a href='https:\/\/grandecharmeuse.nl\/wp-content\/uploads\/2013\/07\/Carrouges39.jpg'><img loading=\"lazy\" decoding=\"async\" data-attachment-id=\"719\" data-orig-file=\"https:\/\/grandecharmeuse.nl\/wp-content\/uploads\/2013\/07\/Carrouges39.jpg\" data-orig-size=\"4143,2166\" data-comments-opened=\"0\" data-image-meta=\"{&quot;aperture&quot;:&quot;0&quot;,&quot;credit&quot;:&quot;&quot;,&quot;camera&quot;:&quot;&quot;,&quot;caption&quot;:&quot;&quot;,&quot;created_timestamp&quot;:&quot;0&quot;,&quot;copyright&quot;:&quot;&quot;,&quot;focal_length&quot;:&quot;0&quot;,&quot;iso&quot;:&quot;0&quot;,&quot;shutter_speed&quot;:&quot;0&quot;,&quot;title&quot;:&quot;&quot;}\" data-image-title=\"Carrouges39\" data-image-description=\"\" data-medium-file=\"https:\/\/grandecharmeuse.nl\/wp-content\/uploads\/2013\/07\/Carrouges39-300x156.jpg\" data-large-file=\"https:\/\/grandecharmeuse.nl\/wp-content\/uploads\/2013\/07\/Carrouges39-1024x535.jpg\" title=\"Carrouges39\" width=\"150\" height=\"150\" src=\"https:\/\/grandecharmeuse.nl\/wp-content\/uploads\/2013\/07\/Carrouges39-150x150.jpg\" class=\"attachment-thumbnail size-thumbnail\" alt=\"\" \/><\/a>\n\t\t\t<\/div><\/figure><figure class='gallery-item'>\n\t\t\t<div class='gallery-icon landscape'>\n\t\t\t\t<a href='https:\/\/grandecharmeuse.nl\/wp-content\/uploads\/2013\/07\/Carrouges43.jpg'><img loading=\"lazy\" decoding=\"async\" data-attachment-id=\"720\" data-orig-file=\"https:\/\/grandecharmeuse.nl\/wp-content\/uploads\/2013\/07\/Carrouges43.jpg\" data-orig-size=\"3688,2244\" data-comments-opened=\"0\" data-image-meta=\"{&quot;aperture&quot;:&quot;0&quot;,&quot;credit&quot;:&quot;&quot;,&quot;camera&quot;:&quot;&quot;,&quot;caption&quot;:&quot;&quot;,&quot;created_timestamp&quot;:&quot;0&quot;,&quot;copyright&quot;:&quot;&quot;,&quot;focal_length&quot;:&quot;0&quot;,&quot;iso&quot;:&quot;0&quot;,&quot;shutter_speed&quot;:&quot;0&quot;,&quot;title&quot;:&quot;&quot;}\" data-image-title=\"Carrouges43\" data-image-description=\"\" data-medium-file=\"https:\/\/grandecharmeuse.nl\/wp-content\/uploads\/2013\/07\/Carrouges43-300x182.jpg\" data-large-file=\"https:\/\/grandecharmeuse.nl\/wp-content\/uploads\/2013\/07\/Carrouges43-1024x623.jpg\" title=\"Carrouges43\" width=\"150\" height=\"150\" src=\"https:\/\/grandecharmeuse.nl\/wp-content\/uploads\/2013\/07\/Carrouges43-150x150.jpg\" class=\"attachment-thumbnail size-thumbnail\" alt=\"\" \/><\/a>\n\t\t\t<\/div><\/figure><figure class='gallery-item'>\n\t\t\t<div class='gallery-icon landscape'>\n\t\t\t\t<a href='https:\/\/grandecharmeuse.nl\/wp-content\/uploads\/2013\/07\/Carrouges42.jpg'><img loading=\"lazy\" decoding=\"async\" data-attachment-id=\"721\" data-orig-file=\"https:\/\/grandecharmeuse.nl\/wp-content\/uploads\/2013\/07\/Carrouges42.jpg\" data-orig-size=\"3999,2220\" data-comments-opened=\"0\" data-image-meta=\"{&quot;aperture&quot;:&quot;0&quot;,&quot;credit&quot;:&quot;&quot;,&quot;camera&quot;:&quot;&quot;,&quot;caption&quot;:&quot;&quot;,&quot;created_timestamp&quot;:&quot;0&quot;,&quot;copyright&quot;:&quot;&quot;,&quot;focal_length&quot;:&quot;0&quot;,&quot;iso&quot;:&quot;0&quot;,&quot;shutter_speed&quot;:&quot;0&quot;,&quot;title&quot;:&quot;&quot;}\" data-image-title=\"Carrouges42\" data-image-description=\"\" data-medium-file=\"https:\/\/grandecharmeuse.nl\/wp-content\/uploads\/2013\/07\/Carrouges42-300x166.jpg\" data-large-file=\"https:\/\/grandecharmeuse.nl\/wp-content\/uploads\/2013\/07\/Carrouges42-1024x568.jpg\" title=\"Carrouges42\" width=\"150\" height=\"150\" src=\"https:\/\/grandecharmeuse.nl\/wp-content\/uploads\/2013\/07\/Carrouges42-150x150.jpg\" class=\"attachment-thumbnail size-thumbnail\" alt=\"\" \/><\/a>\n\t\t\t<\/div><\/figure><figure class='gallery-item'>\n\t\t\t<div class='gallery-icon landscape'>\n\t\t\t\t<a href='https:\/\/grandecharmeuse.nl\/wp-content\/uploads\/2013\/07\/Carrouges49.jpg'><img loading=\"lazy\" decoding=\"async\" data-attachment-id=\"722\" data-orig-file=\"https:\/\/grandecharmeuse.nl\/wp-content\/uploads\/2013\/07\/Carrouges49.jpg\" data-orig-size=\"3496,2670\" data-comments-opened=\"0\" data-image-meta=\"{&quot;aperture&quot;:&quot;0&quot;,&quot;credit&quot;:&quot;&quot;,&quot;camera&quot;:&quot;&quot;,&quot;caption&quot;:&quot;&quot;,&quot;created_timestamp&quot;:&quot;0&quot;,&quot;copyright&quot;:&quot;&quot;,&quot;focal_length&quot;:&quot;0&quot;,&quot;iso&quot;:&quot;0&quot;,&quot;shutter_speed&quot;:&quot;0&quot;,&quot;title&quot;:&quot;&quot;}\" data-image-title=\"Carrouges49\" data-image-description=\"\" data-medium-file=\"https:\/\/grandecharmeuse.nl\/wp-content\/uploads\/2013\/07\/Carrouges49-300x229.jpg\" data-large-file=\"https:\/\/grandecharmeuse.nl\/wp-content\/uploads\/2013\/07\/Carrouges49-1024x782.jpg\" title=\"Carrouges49\" width=\"150\" height=\"150\" src=\"https:\/\/grandecharmeuse.nl\/wp-content\/uploads\/2013\/07\/Carrouges49-150x150.jpg\" class=\"attachment-thumbnail size-thumbnail\" alt=\"\" \/><\/a>\n\t\t\t<\/div><\/figure><figure class='gallery-item'>\n\t\t\t<div class='gallery-icon landscape'>\n\t\t\t\t<a href='https:\/\/grandecharmeuse.nl\/wp-content\/uploads\/2013\/07\/Carrouges52.jpg'><img loading=\"lazy\" decoding=\"async\" data-attachment-id=\"723\" data-orig-file=\"https:\/\/grandecharmeuse.nl\/wp-content\/uploads\/2013\/07\/Carrouges52.jpg\" data-orig-size=\"3190,2550\" data-comments-opened=\"0\" data-image-meta=\"{&quot;aperture&quot;:&quot;0&quot;,&quot;credit&quot;:&quot;&quot;,&quot;camera&quot;:&quot;&quot;,&quot;caption&quot;:&quot;&quot;,&quot;created_timestamp&quot;:&quot;0&quot;,&quot;copyright&quot;:&quot;&quot;,&quot;focal_length&quot;:&quot;0&quot;,&quot;iso&quot;:&quot;0&quot;,&quot;shutter_speed&quot;:&quot;0&quot;,&quot;title&quot;:&quot;&quot;}\" data-image-title=\"Carrouges52\" data-image-description=\"\" data-medium-file=\"https:\/\/grandecharmeuse.nl\/wp-content\/uploads\/2013\/07\/Carrouges52-300x239.jpg\" data-large-file=\"https:\/\/grandecharmeuse.nl\/wp-content\/uploads\/2013\/07\/Carrouges52-1024x818.jpg\" title=\"Carrouges52\" width=\"150\" height=\"150\" src=\"https:\/\/grandecharmeuse.nl\/wp-content\/uploads\/2013\/07\/Carrouges52-150x150.jpg\" class=\"attachment-thumbnail size-thumbnail\" alt=\"\" \/><\/a>\n\t\t\t<\/div><\/figure><figure class='gallery-item'>\n\t\t\t<div class='gallery-icon landscape'>\n\t\t\t\t<a href='https:\/\/grandecharmeuse.nl\/wp-content\/uploads\/2013\/07\/Carrouges56.jpg'><img loading=\"lazy\" decoding=\"async\" data-attachment-id=\"724\" data-orig-file=\"https:\/\/grandecharmeuse.nl\/wp-content\/uploads\/2013\/07\/Carrouges56.jpg\" data-orig-size=\"3568,2094\" data-comments-opened=\"0\" data-image-meta=\"{&quot;aperture&quot;:&quot;0&quot;,&quot;credit&quot;:&quot;&quot;,&quot;camera&quot;:&quot;&quot;,&quot;caption&quot;:&quot;&quot;,&quot;created_timestamp&quot;:&quot;0&quot;,&quot;copyright&quot;:&quot;&quot;,&quot;focal_length&quot;:&quot;0&quot;,&quot;iso&quot;:&quot;0&quot;,&quot;shutter_speed&quot;:&quot;0&quot;,&quot;title&quot;:&quot;&quot;}\" data-image-title=\"Carrouges56\" data-image-description=\"\" data-medium-file=\"https:\/\/grandecharmeuse.nl\/wp-content\/uploads\/2013\/07\/Carrouges56-300x176.jpg\" data-large-file=\"https:\/\/grandecharmeuse.nl\/wp-content\/uploads\/2013\/07\/Carrouges56-1024x600.jpg\" title=\"Carrouges56\" width=\"150\" height=\"150\" src=\"https:\/\/grandecharmeuse.nl\/wp-content\/uploads\/2013\/07\/Carrouges56-150x150.jpg\" class=\"attachment-thumbnail size-thumbnail\" alt=\"\" \/><\/a>\n\t\t\t<\/div><\/figure>\n\t\t<\/div>\n\n<p>&nbsp;<\/p>\n","protected":false},"excerpt":{"rendered":"<p>In de vroege ochtend van 4 augustus is de Bassetten vriendengroep vertrokken naar F\u00eate de la chasse et de la p\u00eache, Carrouges in Frankrijk. Tijdens ons verblijf in Frankrijk hebben wij De F\u00eate de la chasse in Carrouges bezocht. Naast de nodige regenbuien (hoosbuien) kwam &hellip; <a href=\"https:\/\/grandecharmeuse.nl\/?page_id=705\" class=\"more-link\"><span>Lees verder<span class=\"screen-reader-text\">F\u00eate de la chasse Carrouges, 2012<\/span><\/span><\/a><\/p>\n","protected":false},"author":2,"featured_media":0,"parent":63,"menu_order":4,"comment_status":"closed","ping_status":"closed","template":"","meta":{"footnotes":""},"class_list":["post-705","page","type-page","status-publish","hentry"],"_links":{"self":[{"href":"https:\/\/grandecharmeuse.nl\/index.php?rest_route=\/wp\/v2\/pages\/705","targetHints":{"allow":["GET"]}}],"collection":[{"href":"https:\/\/grandecharmeuse.nl\/index.php?rest_route=\/wp\/v2\/pages"}],"about":[{"href":"https:\/\/grandecharmeuse.nl\/index.php?rest_route=\/wp\/v2\/types\/page"}],"author":[{"embeddable":true,"href":"https:\/\/grandecharmeuse.nl\/index.php?rest_route=\/wp\/v2\/users\/2"}],"replies":[{"embeddable":true,"href":"https:\/\/grandecharmeuse.nl\/index.php?rest_route=%2Fwp%2Fv2%2Fcomments&post=705"}],"version-history":[{"count":11,"href":"https:\/\/grandecharmeuse.nl\/index.php?rest_route=\/wp\/v2\/pages\/705\/revisions"}],"predecessor-version":[{"id":813,"href":"https:\/\/grandecharmeuse.nl\/index.php?rest_route=\/wp\/v2\/pages\/705\/revisions\/813"}],"up":[{"embeddable":true,"href":"https:\/\/grandecharmeuse.nl\/index.php?rest_route=\/wp\/v2\/pages\/63"}],"wp:attachment":[{"href":"https:\/\/grandecharmeuse.nl\/index.php?rest_route=%2Fwp%2Fv2%2Fmedia&parent=705"}],"curies":[{"name":"wp","href":"https:\/\/api.w.org\/{rel}","templated":true}]}}